{"id":281,"date":"2024-09-09T12:05:36","date_gmt":"2024-09-09T10:05:36","guid":{"rendered":"https:\/\/cryobeauty.si\/?page_id=281"},"modified":"2024-09-09T12:30:41","modified_gmt":"2024-09-09T10:30:41","slug":"diodni-laser-ice","status":"publish","type":"page","link":"https:\/\/cryobeauty.si\/index.php\/diodni-laser-ice\/","title":{"rendered":"Diodni laser ICE+"},"content":{"rendered":"\n<p>Diodni laser ICE je inovativna naprava, ki omogo\u010da trajno odstranjevanje ne\u017eelenih dlak. Z uporabo napredne tehnologije zdru\u017euje hitrost, natan\u010dnost in udobje med samim postopkom. Laser deluje tako, da cilja na pigment v dla\u010dnem me\u0161i\u010dku, kar omogo\u010da uni\u010denje dla\u010dnega korena, ne da bi pri tem po\u0161kodoval okoli\u0161ko tkivo.<\/p>\n\n\n\n<div class=\"wp-block-image\"><figure class=\"aligncenter is-resized\"><img loading=\"lazy\" src=\"https:\/\/www.estetika-eva.si\/wp-content\/uploads\/2024\/05\/mashina-1024x825.png\" alt=\"\" class=\"wp-image-1006\" width=\"283\" height=\"228\"\/><\/figure><\/div>\n\n\n\n<h3>Kako deluje tehnologija ICE?<\/h3>\n\n\n\n<p>Tehnologija ICE zagotavlja hlajenje ko\u017ee med tretmajem, kar pove\u010duje udobje stranke in zmanj\u0161uje mo\u017enost dra\u017eenja ali opeklin. To omogo\u010da hitrej\u0161i, varnej\u0161i in nebole\u010d postopek odstranjevanja dlak. Postopek je primeren za vse tipe ko\u017ee in dele telesa.<\/p>\n\n\n\n<h3>Prednosti diodnega laserja ICE:<\/h3>\n\n\n\n<ul><li><strong>Trajni rezultati<\/strong>: Po ve\u010d tretmajih so rezultati dolgoro\u010dni, z ob\u010dutnim zmanj\u0161anjem rasti dlak.<\/li><li><strong>Varno in nebole\u010de<\/strong>: S tehnologijo hlajenja ICE je postopek skoraj nebole\u010d in izjemno varen za vse tipe ko\u017ee.<\/li><li><strong>Hitrost in u\u010dinkovitost<\/strong>: Laser omogo\u010da hitro obdelavo velikih povr\u0161in, kar pomeni, da je postopek hiter in u\u010dinkovit.<\/li><li><strong>Primerno za vse tipe ko\u017ee<\/strong>: Ne glede na barvo ko\u017ee je diodni laser u\u010dinkovit pri odstranjevanju dlak.<\/li><\/ul>\n\n\n\n<h3>Kje se lahko izvaja postopek?<\/h3>\n\n\n\n<div class=\"wp-block-image\"><figure class=\"aligncenter is-resized\"><img loading=\"lazy\" src=\"https:\/\/static.wixstatic.com\/media\/1fd94b_92d30d6e7d114ec99df0eb9ed2ac7182~mv2.jpg\/v1\/fill\/w_833,h_998,al_c,q_85,enc_auto\/lasersko%20odstranjevanje%20dlak%20podro%C4%8Dja.jpg\" alt=\"\" width=\"444\" height=\"531\"\/><\/figure><\/div>\n\n\n\n<h3>Kdaj se lahko izvaja tretma?<\/h3>\n\n\n\n<p>Postopek z diodnim laserjem ICE se lahko izvaja skozi vse leto, vendar se priporo\u010da, da ko\u017ea pred in po tretmaju ni izpostavljena son\u010dnim \u017earkom, da se zmanj\u0161a mo\u017enost dra\u017eenja.<\/p>\n\n\n\n<h3>Komu je laser namenjen?<\/h3>\n\n\n\n<p>Diodni laser ICE je primeren za vse tipe ko\u017ee, ne glede na barvo. Priporo\u010dljiv je za mo\u0161ke in \u017eenske, ki \u017eelijo dolgotrajno odstranitev dlak na katerem koli delu telesa. Primeren je tudi za ljudi z ob\u010dutljivo ko\u017eo, saj tehnologija hlajenja zagotavlja dodatno za\u0161\u010dito med postopkom.<\/p>\n\n\n\n<h3>Koliko tretmajev je potrebnih za optimalne rezultate?<\/h3>\n\n\n\n<p>Za dolgotrajne rezultate je obi\u010dajno potrebnih ve\u010d tretmajev, odvisno od gostote in barve dlak ter tipa ko\u017ee. Priporo\u010deno je 4 do 6 tretmajev, ki se izvajajo v razmiku 4 do 8 tednov, saj laser deluje le na dlake v aktivni fazi rasti.<\/p>\n\n\n\n<h3>Priprava pred tretmajem:<\/h3>\n\n\n\n<ul><li>Ko\u017eo je treba pred postopkom o\u010distiti in obriti, izogibati se je treba voskanju ali puljenju dlak vsaj 4 tedne pred tretmajem.<\/li><li>Odsvetuje se uporaba krem in losjonov pred tretmajem.<\/li><li>Uporaba krem za porjavitev in samooporjavitev prav tako ni priporo\u010dljiva pred tretmajem.<\/li><\/ul>\n","protected":false},"excerpt":{"rendered":"<p>Diodni laser ICE je inovativna naprava, ki omogo\u010da trajno odstranjevanje ne\u017eelenih dlak. Z uporabo napredne tehnologije zdru\u017euje hitrost, natan\u010dnost in udobje med samim postopkom. Laser deluje tako, da cilja na pigment v dla\u010dnem me\u0161i\u010dku, kar omogo\u010da uni\u010denje dla\u010dnega korena, ne da bi pri tem po\u0161kodoval okoli\u0161ko tkivo. Kako deluje tehnologija [&hellip;]<\/p>\n","protected":false},"author":1,"featured_media":0,"parent":0,"menu_order":0,"comment_status":"closed","ping_status":"closed","template":"","meta":[],"yoast_head":"<!-- This site is optimized with the Yoast SEO plugin v15.0 - https:\/\/yoast.com\/wordpress\/plugins\/seo\/ -->\n<title>Diodni laser ICE+ - Cryo Beauty<\/title>\n<meta name=\"robots\" content=\"index, follow, max-snippet:-1, max-image-preview:large, max-video-preview:-1\" \/>\n<link rel=\"canonical\" href=\"https:\/\/cryobeauty.si\/index.php\/diodni-laser-ice\/\" \/>\n<meta property=\"og:locale\" content=\"sl_SI\" \/>\n<meta property=\"og:type\" content=\"article\" \/>\n<meta property=\"og:title\" content=\"Diodni laser ICE+ - Cryo Beauty\" \/>\n<meta property=\"og:description\" content=\"Diodni laser ICE je inovativna naprava, ki omogo\u010da trajno odstranjevanje ne\u017eelenih dlak. Z uporabo napredne tehnologije zdru\u017euje hitrost, natan\u010dnost in udobje med samim postopkom. Laser deluje tako, da cilja na pigment v dla\u010dnem me\u0161i\u010dku, kar omogo\u010da uni\u010denje dla\u010dnega korena, ne da bi pri tem po\u0161kodoval okoli\u0161ko tkivo. Kako deluje tehnologija [&hellip;]\" \/>\n<meta property=\"og:url\" content=\"https:\/\/cryobeauty.si\/index.php\/diodni-laser-ice\/\" \/>\n<meta property=\"og:site_name\" content=\"Cryo Beauty\" \/>\n<meta property=\"article:publisher\" content=\"https:\/\/www.facebook.com\/studiocryobeauty\" \/>\n<meta property=\"article:modified_time\" content=\"2024-09-09T10:30:41+00:00\" \/>\n<meta property=\"og:image\" content=\"https:\/\/www.estetika-eva.si\/wp-content\/uploads\/2024\/05\/mashina-1024x825.png\" \/>\n<meta name=\"twitter:card\" content=\"summary_large_image\" \/>\n<script type=\"application\/ld+json\" class=\"yoast-schema-graph\">{\"@context\":\"https:\/\/schema.org\",\"@graph\":[{\"@type\":\"Organization\",\"@id\":\"https:\/\/cryobeauty.si\/#organization\",\"name\":\"Studio Cryo Beauty\",\"url\":\"https:\/\/cryobeauty.si\/\",\"sameAs\":[\"https:\/\/www.facebook.com\/studiocryobeauty\",\"https:\/\/www.instagram.com\/studiocryobeauty\/\"],\"logo\":{\"@type\":\"ImageObject\",\"@id\":\"https:\/\/cryobeauty.si\/#logo\",\"inLanguage\":\"sl-SI\",\"url\":\"https:\/\/cryobeauty.si\/wp-content\/uploads\/2020\/09\/logo-transparent.png\",\"width\":3009,\"height\":1252,\"caption\":\"Studio Cryo Beauty\"},\"image\":{\"@id\":\"https:\/\/cryobeauty.si\/#logo\"}},{\"@type\":\"WebSite\",\"@id\":\"https:\/\/cryobeauty.si\/#website\",\"url\":\"https:\/\/cryobeauty.si\/\",\"name\":\"Cryo Beauty\",\"description\":\"Nad ma\\u0161\\u010dobo z mrazom\",\"publisher\":{\"@id\":\"https:\/\/cryobeauty.si\/#organization\"},\"potentialAction\":[{\"@type\":\"SearchAction\",\"target\":\"https:\/\/cryobeauty.si\/?s={search_term_string}\",\"query-input\":\"required name=search_term_string\"}],\"inLanguage\":\"sl-SI\"},{\"@type\":\"ImageObject\",\"@id\":\"https:\/\/cryobeauty.si\/index.php\/diodni-laser-ice\/#primaryimage\",\"inLanguage\":\"sl-SI\",\"url\":\"https:\/\/www.estetika-eva.si\/wp-content\/uploads\/2024\/05\/mashina-1024x825.png\"},{\"@type\":\"WebPage\",\"@id\":\"https:\/\/cryobeauty.si\/index.php\/diodni-laser-ice\/#webpage\",\"url\":\"https:\/\/cryobeauty.si\/index.php\/diodni-laser-ice\/\",\"name\":\"Diodni laser ICE+ - Cryo Beauty\",\"isPartOf\":{\"@id\":\"https:\/\/cryobeauty.si\/#website\"},\"primaryImageOfPage\":{\"@id\":\"https:\/\/cryobeauty.si\/index.php\/diodni-laser-ice\/#primaryimage\"},\"datePublished\":\"2024-09-09T10:05:36+00:00\",\"dateModified\":\"2024-09-09T10:30:41+00:00\",\"inLanguage\":\"sl-SI\",\"potentialAction\":[{\"@type\":\"ReadAction\",\"target\":[\"https:\/\/cryobeauty.si\/index.php\/diodni-laser-ice\/\"]}]}]}<\/script>\n<!-- \/ Yoast SEO plugin. -->","_links":{"self":[{"href":"https:\/\/cryobeauty.si\/index.php\/wp-json\/wp\/v2\/pages\/281"}],"collection":[{"href":"https:\/\/cryobeauty.si\/index.php\/wp-json\/wp\/v2\/pages"}],"about":[{"href":"https:\/\/cryobeauty.si\/index.php\/wp-json\/wp\/v2\/types\/page"}],"author":[{"embeddable":true,"href":"https:\/\/cryobeauty.si\/index.php\/wp-json\/wp\/v2\/users\/1"}],"replies":[{"embeddable":true,"href":"https:\/\/cryobeauty.si\/index.php\/wp-json\/wp\/v2\/comments?post=281"}],"version-history":[{"count":5,"href":"https:\/\/cryobeauty.si\/index.php\/wp-json\/wp\/v2\/pages\/281\/revisions"}],"predecessor-version":[{"id":287,"href":"https:\/\/cryobeauty.si\/index.php\/wp-json\/wp\/v2\/pages\/281\/revisions\/287"}],"wp:attachment":[{"href":"https:\/\/cryobeauty.si\/index.php\/wp-json\/wp\/v2\/media?parent=281"}],"curies":[{"name":"wp","href":"https:\/\/api.w.org\/{rel}","templated":true}]}}