{"id":187,"date":"2020-09-22T15:49:14","date_gmt":"2020-09-22T13:49:14","guid":{"rendered":"https:\/\/cryobeauty.si\/?page_id=187"},"modified":"2020-09-23T14:28:40","modified_gmt":"2020-09-23T12:28:40","slug":"limfna-drenaza","status":"publish","type":"page","link":"https:\/\/cryobeauty.si\/index.php\/limfna-drenaza\/","title":{"rendered":"LIMFNA DRENA\u017dA"},"content":{"rendered":"\n<p>S pomo\u010djo napihljivih man\u0161et in s ciljno izbranim programom, ki posnema delo rok, zdreniramo nogi, zadnjico in trebuh. Tako bistveno izbolj\u0161amo prekrvavitev tkiv, odplavimo presnovke iz tkiv in bistveno zmanj\u0161amo koli\u010dino proste teko\u010dine med celicami, ki je v veliki meri kriva za zastoj<strong>.<\/strong><\/p>\n\n\n\n<hr class=\"wp-block-separator is-style-wide\"\/>\n\n\n\n<p><strong>Kako deluje in zakaj je pomemben na\u0161 limfni sistem?<\/strong><\/p>\n\n\n\n<p>Skozi limfni sistem se s pomo\u010djo kr\u010denja \u017eilnih sten in mi\u0161i\u010dja ter razlike v tlaku premika limfa, ki jo imenujemo tudi mezga. Limfni sistem omogo\u010da premikanje teko\u010din samo v eni smeri, saj mu obratno smer prepre\u010dujejo zaklopke.<\/p>\n\n\n\n<p>Pomembno je vedeti, da limfni sistem zaznamuje posebnost po kateri se le-ta razlikuje od sistema za cirkulacijo krvi. Za pretok krvi po \u017eilah skrbi srce, limfni sistem pa za svoje delovanje nima svoje \u010drpalke. Njegovo delovanje stimulira veliko razli\u010dnih elementov kot so interna stimulacija, arterijski pulz, peristaltika, masa\u017ea, drena\u017ea in gibanje oziroma telovadba.<br>Gibanje je spremenljivka na katero lahko vplivamo in tako stimuliramo limfni sistem, v primeru, da je na\u0161 limfni sistem zelo preobremenjen.<\/p>\n\n\n\n<p>Limfni sistem je odgovoren za odna\u0161anje odve\u010dne vode, proteinov in nekoristnih snovi iz na\u0161ega tkiva do krvnega obtoka. Prav tako je odgovoren za vzdr\u017eevanje volumna krvi v obtoku. To vklju\u010duje tudi stranske produkte vnetij, mrtve celice in toksine.<\/p>\n\n\n\n<p>Sodobni na\u010din \u017eivljenja in prehranjevanja povzro\u010da velike obremenitve limfnega sistema z odve\u010dno teko\u010dino, toksini in premajhno koli\u010dino zau\u017eite vode. To ima za posledico upo\u010dasnjeno delovanje limfnega sistema, kar ima za posledico upo\u010dasnjeni metabolizem, z ve\u010djo koli\u010dino odpadnih snovi in manj energije. Tako je samouni\u010devalni krog v na\u0161em telesu sklenjen.<\/p>\n\n\n\n<p>V tej to\u010dki je limfna drena\u017ea nepogre\u0161ljivi del splo\u0161nega programa detoksikacije. Pomaga namre\u010d zvi\u0161ati raven energije, pospe\u0161i procese celi\u010dne oksidacije in regeneracije ter pomaga pri imunski odpornosti.<\/p>\n","protected":false},"excerpt":{"rendered":"<p>S pomo\u010djo napihljivih man\u0161et in s ciljno izbranim programom, ki posnema delo rok, zdreniramo nogi, zadnjico in trebuh. Tako bistveno izbolj\u0161amo prekrvavitev tkiv, odplavimo presnovke iz tkiv in bistveno zmanj\u0161amo koli\u010dino proste teko\u010dine med celicami, ki je v veliki meri kriva za zastoj. Kako deluje in zakaj je pomemben na\u0161 [&hellip;]<\/p>\n","protected":false},"author":1,"featured_media":0,"parent":0,"menu_order":0,"comment_status":"closed","ping_status":"closed","template":"","meta":[],"yoast_head":"<!-- This site is optimized with the Yoast SEO plugin v15.0 - https:\/\/yoast.com\/wordpress\/plugins\/seo\/ -->\n<title>LIMFNA DRENA\u017dA - Cryo Beauty<\/title>\n<meta name=\"robots\" content=\"index, follow, max-snippet:-1, max-image-preview:large, max-video-preview:-1\" \/>\n<link rel=\"canonical\" href=\"https:\/\/cryobeauty.si\/index.php\/limfna-drenaza\/\" \/>\n<meta property=\"og:locale\" content=\"sl_SI\" \/>\n<meta property=\"og:type\" content=\"article\" \/>\n<meta property=\"og:title\" content=\"LIMFNA DRENA\u017dA - Cryo Beauty\" \/>\n<meta property=\"og:description\" content=\"S pomo\u010djo napihljivih man\u0161et in s ciljno izbranim programom, ki posnema delo rok, zdreniramo nogi, zadnjico in trebuh. Tako bistveno izbolj\u0161amo prekrvavitev tkiv, odplavimo presnovke iz tkiv in bistveno zmanj\u0161amo koli\u010dino proste teko\u010dine med celicami, ki je v veliki meri kriva za zastoj. Kako deluje in zakaj je pomemben na\u0161 [&hellip;]\" \/>\n<meta property=\"og:url\" content=\"https:\/\/cryobeauty.si\/index.php\/limfna-drenaza\/\" \/>\n<meta property=\"og:site_name\" content=\"Cryo Beauty\" \/>\n<meta property=\"article:publisher\" content=\"https:\/\/www.facebook.com\/studiocryobeauty\" \/>\n<meta property=\"article:modified_time\" content=\"2020-09-23T12:28:40+00:00\" \/>\n<meta name=\"twitter:card\" content=\"summary_large_image\" \/>\n<script type=\"application\/ld+json\" class=\"yoast-schema-graph\">{\"@context\":\"https:\/\/schema.org\",\"@graph\":[{\"@type\":\"Organization\",\"@id\":\"https:\/\/cryobeauty.si\/#organization\",\"name\":\"Studio Cryo Beauty\",\"url\":\"https:\/\/cryobeauty.si\/\",\"sameAs\":[\"https:\/\/www.facebook.com\/studiocryobeauty\",\"https:\/\/www.instagram.com\/studiocryobeauty\/\"],\"logo\":{\"@type\":\"ImageObject\",\"@id\":\"https:\/\/cryobeauty.si\/#logo\",\"inLanguage\":\"sl-SI\",\"url\":\"https:\/\/cryobeauty.si\/wp-content\/uploads\/2020\/09\/logo-transparent.png\",\"width\":3009,\"height\":1252,\"caption\":\"Studio Cryo Beauty\"},\"image\":{\"@id\":\"https:\/\/cryobeauty.si\/#logo\"}},{\"@type\":\"WebSite\",\"@id\":\"https:\/\/cryobeauty.si\/#website\",\"url\":\"https:\/\/cryobeauty.si\/\",\"name\":\"Cryo Beauty\",\"description\":\"Nad ma\\u0161\\u010dobo z mrazom\",\"publisher\":{\"@id\":\"https:\/\/cryobeauty.si\/#organization\"},\"potentialAction\":[{\"@type\":\"SearchAction\",\"target\":\"https:\/\/cryobeauty.si\/?s={search_term_string}\",\"query-input\":\"required name=search_term_string\"}],\"inLanguage\":\"sl-SI\"},{\"@type\":\"WebPage\",\"@id\":\"https:\/\/cryobeauty.si\/index.php\/limfna-drenaza\/#webpage\",\"url\":\"https:\/\/cryobeauty.si\/index.php\/limfna-drenaza\/\",\"name\":\"LIMFNA DRENA\\u017dA - Cryo Beauty\",\"isPartOf\":{\"@id\":\"https:\/\/cryobeauty.si\/#website\"},\"datePublished\":\"2020-09-22T13:49:14+00:00\",\"dateModified\":\"2020-09-23T12:28:40+00:00\",\"inLanguage\":\"sl-SI\",\"potentialAction\":[{\"@type\":\"ReadAction\",\"target\":[\"https:\/\/cryobeauty.si\/index.php\/limfna-drenaza\/\"]}]}]}<\/script>\n<!-- \/ Yoast SEO plugin. -->","_links":{"self":[{"href":"https:\/\/cryobeauty.si\/index.php\/wp-json\/wp\/v2\/pages\/187"}],"collection":[{"href":"https:\/\/cryobeauty.si\/index.php\/wp-json\/wp\/v2\/pages"}],"about":[{"href":"https:\/\/cryobeauty.si\/index.php\/wp-json\/wp\/v2\/types\/page"}],"author":[{"embeddable":true,"href":"https:\/\/cryobeauty.si\/index.php\/wp-json\/wp\/v2\/users\/1"}],"replies":[{"embeddable":true,"href":"https:\/\/cryobeauty.si\/index.php\/wp-json\/wp\/v2\/comments?post=187"}],"version-history":[{"count":2,"href":"https:\/\/cryobeauty.si\/index.php\/wp-json\/wp\/v2\/pages\/187\/revisions"}],"predecessor-version":[{"id":193,"href":"https:\/\/cryobeauty.si\/index.php\/wp-json\/wp\/v2\/pages\/187\/revisions\/193"}],"wp:attachment":[{"href":"https:\/\/cryobeauty.si\/index.php\/wp-json\/wp\/v2\/media?parent=187"}],"curies":[{"name":"wp","href":"https:\/\/api.w.org\/{rel}","templated":true}]}}