{"id":174,"date":"2020-09-22T15:46:39","date_gmt":"2020-09-22T13:46:39","guid":{"rendered":"https:\/\/cryobeauty.si\/?page_id=174"},"modified":"2020-09-24T10:02:11","modified_gmt":"2020-09-24T08:02:11","slug":"cryo21","status":"publish","type":"page","link":"https:\/\/cryobeauty.si\/index.php\/cryo21\/","title":{"rendered":"CRYO21"},"content":{"rendered":"\n<p>CRYO21 obenem stimulira, izsu\u0161i, odstrani, okrepi, preoblikuje, \u010dvrsti, izoblikuje, prepre\u010duje zastajanje vode, gladi pomaran\u010dno ko\u017eo, aktivira mikrocirkulacijo, itd. CRYO21 deluje na telesu, obrazu in glavi.<\/p>\n\n\n\n<div class=\"wp-block-image\"><figure class=\"aligncenter size-large is-resized\"><img loading=\"lazy\" src=\"https:\/\/cryobeauty.si\/wp-content\/uploads\/2020\/09\/cryo21.png\" alt=\"\" class=\"wp-image-235\" width=\"249\" height=\"183\" srcset=\"https:\/\/cryobeauty.si\/wp-content\/uploads\/2020\/09\/cryo21.png 906w, https:\/\/cryobeauty.si\/wp-content\/uploads\/2020\/09\/cryo21-300x221.png 300w, https:\/\/cryobeauty.si\/wp-content\/uploads\/2020\/09\/cryo21-768x566.png 768w\" sizes=\"(max-width: 249px) 100vw, 249px\" \/><\/figure><\/div>\n\n\n\n<p>Pripona \u2018cryo\u2019 izhaja iz gr\u0161ke besede \u2018krios\u2019, kar pomeni led, mraz. metoda kriolipoliza je bila razvita na Univerzi v Massachussets General Hospital in na Harvardski Univerzi. Metoda je potrjena s strani FDA (Food and Drug Administration) in ameri\u0161ke Akademije za plasti\u010dno kirurgijo. Naprava CRYO21 je sistem za krioterapijo, ki deluje pri tempeaturah med 15\u00b0C in -10\u00b0C. U\u010dinkovit je zaradi povzro\u010ditve termi\u010dnega \u0161oka, ki zni\u017euje povr\u0161insko temperaturo in trajno odstranjuje ma\u0161\u010dobne celice. To je dokon\u010dni tretma, postopek, s katerim se uni\u010di ma\u0161\u010dobne celice z \u2018zamrznitvijo\u2019 adipocitov, ki v postopku kristalizacije preidejo skozi apoptozo (celi\u010dno smrt) in se posledi\u010dno izlo\u010dajo po fiziolo\u0161ki poti (preko naravne presnovne poti v organizmu). Na\u010dini izlo\u010danja celic po procesu apoptoze: limfni sistem, jetra in prebavila, aktivacija vnetnih procesov in presnova apoptopskega ma\u0161\u010dobnega tkiva. <\/p>\n\n\n\n<hr class=\"wp-block-separator is-style-wide\"\/>\n\n\n\n<p><strong>POSTOPEK APOPTOZE<\/strong>: Adipociti ali ma\u0161\u010dobne celice so ob\u010dutljive na mraz in na delovni temperaturi preidejo v postopek, imenovan apoptoza-programirana smrt celic, lomljenje celi\u010dne membrane in kot posledica spontano, po\u010dasno in postopno praznenje ma\u0161\u010dobne celice. 50% izlo\u010danja ma\u0161\u010dob se izvaja preko jeter (zato je nujno potrebno, da klient NIMA zama\u0161\u010denih jeter-do zama\u0161\u010denih jeter pride zaradi prehrane z veliko ma\u0161\u010dob, mesa in mle\u010dnih izdelkov, u\u017eivanje alkohola!). Drugi del izlo\u010danja ma\u0161\u010dobnih celic gre preko prebavnega trakta in limfnega sistema v 15 dneh. V \u010dlove\u0161kem telesu odraslega vsak dan odmre okrog 50 do 70 milijard celic zaradi apoptoze. V enem letu je regenerirana celi\u010dna masa enaka masi telesa. Ta postopek je torej popolnoma naraven in fiziolo\u0161ki!<\/p>\n\n\n\n<p><\/p>\n","protected":false},"excerpt":{"rendered":"<p>CRYO21 obenem stimulira, izsu\u0161i, odstrani, okrepi, preoblikuje, \u010dvrsti, izoblikuje, prepre\u010duje zastajanje vode, gladi pomaran\u010dno ko\u017eo, aktivira mikrocirkulacijo, itd. CRYO21 deluje na telesu, obrazu in glavi. Pripona \u2018cryo\u2019 izhaja iz gr\u0161ke besede \u2018krios\u2019, kar pomeni led, mraz. metoda kriolipoliza je bila razvita na Univerzi v Massachussets General Hospital in na Harvardski [&hellip;]<\/p>\n","protected":false},"author":1,"featured_media":0,"parent":0,"menu_order":0,"comment_status":"closed","ping_status":"closed","template":"","meta":[],"yoast_head":"<!-- This site is optimized with the Yoast SEO plugin v15.0 - https:\/\/yoast.com\/wordpress\/plugins\/seo\/ -->\n<title>CRYO21 - Cryo Beauty<\/title>\n<meta name=\"robots\" content=\"index, follow, max-snippet:-1, max-image-preview:large, max-video-preview:-1\" \/>\n<link rel=\"canonical\" href=\"https:\/\/cryobeauty.si\/index.php\/cryo21\/\" \/>\n<meta property=\"og:locale\" content=\"sl_SI\" \/>\n<meta property=\"og:type\" content=\"article\" \/>\n<meta property=\"og:title\" content=\"CRYO21 - Cryo Beauty\" \/>\n<meta property=\"og:description\" content=\"CRYO21 obenem stimulira, izsu\u0161i, odstrani, okrepi, preoblikuje, \u010dvrsti, izoblikuje, prepre\u010duje zastajanje vode, gladi pomaran\u010dno ko\u017eo, aktivira mikrocirkulacijo, itd. CRYO21 deluje na telesu, obrazu in glavi. Pripona \u2018cryo\u2019 izhaja iz gr\u0161ke besede \u2018krios\u2019, kar pomeni led, mraz. metoda kriolipoliza je bila razvita na Univerzi v Massachussets General Hospital in na Harvardski [&hellip;]\" \/>\n<meta property=\"og:url\" content=\"https:\/\/cryobeauty.si\/index.php\/cryo21\/\" \/>\n<meta property=\"og:site_name\" content=\"Cryo Beauty\" \/>\n<meta property=\"article:publisher\" content=\"https:\/\/www.facebook.com\/studiocryobeauty\" \/>\n<meta property=\"article:modified_time\" content=\"2020-09-24T08:02:11+00:00\" \/>\n<meta property=\"og:image\" content=\"https:\/\/cryobeauty.si\/wp-content\/uploads\/2020\/09\/cryo21.png\" \/>\n<meta name=\"twitter:card\" content=\"summary_large_image\" \/>\n<script type=\"application\/ld+json\" class=\"yoast-schema-graph\">{\"@context\":\"https:\/\/schema.org\",\"@graph\":[{\"@type\":\"Organization\",\"@id\":\"https:\/\/cryobeauty.si\/#organization\",\"name\":\"Studio Cryo Beauty\",\"url\":\"https:\/\/cryobeauty.si\/\",\"sameAs\":[\"https:\/\/www.facebook.com\/studiocryobeauty\",\"https:\/\/www.instagram.com\/studiocryobeauty\/\"],\"logo\":{\"@type\":\"ImageObject\",\"@id\":\"https:\/\/cryobeauty.si\/#logo\",\"inLanguage\":\"sl-SI\",\"url\":\"https:\/\/cryobeauty.si\/wp-content\/uploads\/2020\/09\/logo-transparent.png\",\"width\":3009,\"height\":1252,\"caption\":\"Studio Cryo Beauty\"},\"image\":{\"@id\":\"https:\/\/cryobeauty.si\/#logo\"}},{\"@type\":\"WebSite\",\"@id\":\"https:\/\/cryobeauty.si\/#website\",\"url\":\"https:\/\/cryobeauty.si\/\",\"name\":\"Cryo Beauty\",\"description\":\"Nad ma\\u0161\\u010dobo z mrazom\",\"publisher\":{\"@id\":\"https:\/\/cryobeauty.si\/#organization\"},\"potentialAction\":[{\"@type\":\"SearchAction\",\"target\":\"https:\/\/cryobeauty.si\/?s={search_term_string}\",\"query-input\":\"required name=search_term_string\"}],\"inLanguage\":\"sl-SI\"},{\"@type\":\"ImageObject\",\"@id\":\"https:\/\/cryobeauty.si\/index.php\/cryo21\/#primaryimage\",\"inLanguage\":\"sl-SI\",\"url\":\"https:\/\/cryobeauty.si\/wp-content\/uploads\/2020\/09\/cryo21.png\",\"width\":906,\"height\":668},{\"@type\":\"WebPage\",\"@id\":\"https:\/\/cryobeauty.si\/index.php\/cryo21\/#webpage\",\"url\":\"https:\/\/cryobeauty.si\/index.php\/cryo21\/\",\"name\":\"CRYO21 - Cryo Beauty\",\"isPartOf\":{\"@id\":\"https:\/\/cryobeauty.si\/#website\"},\"primaryImageOfPage\":{\"@id\":\"https:\/\/cryobeauty.si\/index.php\/cryo21\/#primaryimage\"},\"datePublished\":\"2020-09-22T13:46:39+00:00\",\"dateModified\":\"2020-09-24T08:02:11+00:00\",\"inLanguage\":\"sl-SI\",\"potentialAction\":[{\"@type\":\"ReadAction\",\"target\":[\"https:\/\/cryobeauty.si\/index.php\/cryo21\/\"]}]}]}<\/script>\n<!-- \/ Yoast SEO plugin. -->","_links":{"self":[{"href":"https:\/\/cryobeauty.si\/index.php\/wp-json\/wp\/v2\/pages\/174"}],"collection":[{"href":"https:\/\/cryobeauty.si\/index.php\/wp-json\/wp\/v2\/pages"}],"about":[{"href":"https:\/\/cryobeauty.si\/index.php\/wp-json\/wp\/v2\/types\/page"}],"author":[{"embeddable":true,"href":"https:\/\/cryobeauty.si\/index.php\/wp-json\/wp\/v2\/users\/1"}],"replies":[{"embeddable":true,"href":"https:\/\/cryobeauty.si\/index.php\/wp-json\/wp\/v2\/comments?post=174"}],"version-history":[{"count":5,"href":"https:\/\/cryobeauty.si\/index.php\/wp-json\/wp\/v2\/pages\/174\/revisions"}],"predecessor-version":[{"id":237,"href":"https:\/\/cryobeauty.si\/index.php\/wp-json\/wp\/v2\/pages\/174\/revisions\/237"}],"wp:attachment":[{"href":"https:\/\/cryobeauty.si\/index.php\/wp-json\/wp\/v2\/media?parent=174"}],"curies":[{"name":"wp","href":"https:\/\/api.w.org\/{rel}","templated":true}]}}