{"id":156,"date":"2020-09-22T15:34:09","date_gmt":"2020-09-22T13:34:09","guid":{"rendered":"https:\/\/cryobeauty.si\/?page_id=156"},"modified":"2021-10-03T21:24:16","modified_gmt":"2021-10-03T19:24:16","slug":"kriolipoliza-telesa","status":"publish","type":"page","link":"https:\/\/cryobeauty.si\/index.php\/kriolipoliza-telesa\/","title":{"rendered":"KRIOLIPOLIZA TELESA"},"content":{"rendered":"\n<div class=\"wp-block-themeisle-blocks-advanced-columns has-1-columns has-desktop-equal-layout has-tablet-equal-layout has-mobile-equal-layout has-default-gap has-vertical-unset\" id=\"wp-block-themeisle-blocks-advanced-columns-e17e160a\"><div class=\"wp-block-themeisle-blocks-advanced-columns-overlay\"><\/div><div class=\"innerblocks-wrap\">\n<div class=\"wp-block-themeisle-blocks-advanced-column\" id=\"wp-block-themeisle-blocks-advanced-column-b4413d95\">\n<p>Krioterapija telesa z napravo CRYO21 je nebole\u010da in nekirur\u0161ka metoda odstranjevanja ma\u0161\u010dob na principu hlanjenja. Ma\u0161\u010dobo topimo pri -10 stopinj Celzija. Membrana ma\u0161\u010dobne celice po\u010di ter s tem ma\u0161\u010dobna celica umre-apoptoza. Jetra, ledvice in limfni sistem izlo\u010dijo iz telesa mrtve ma\u0161\u010dobne celice.&nbsp; Tretma topljenja ma\u0161\u010dob se izvaja na 14 dni. V tem \u010dasu jetra, ledvice in limfni sistem opravijo presnovne naloge ma\u0161\u010dob. Ma\u0161\u010dobo lahko topimo kjerkoli po telesu (boki, stegna, trebuh, ljubezenske ro\u010dke, roke, podbradek, itd). Predpogoj za izvajanje tretmaja so zdrava jetra (nezama\u0161\u010dena!), ledvica in dobro delujo\u010da limfa! Metoda kriolipoliza je potrjena s strani FDA (Federal Drug Administration) in ameri\u0161ke Akademije za plasti\u010dno kirurgijo.<\/p>\n\n\n\n<div class=\"wp-block-group\"><div class=\"wp-block-group__inner-container\"><\/div><\/div>\n\n\n\n<div id=\"wp-block-themeisle-blocks-slider-dbc68a10\" class=\"wp-block-themeisle-blocks-slider glide\" data-per-view=\"1\" data-gap=\"0\" data-peek=\"0\" data-autoplay=\"true\" data-height=\"221px\" data-hide-arrows=\"false\"><div class=\"glide__track\" data-glide-el=\"track\"><div class=\"glide__slides\"><div class=\"wp-block-themeisle-blocks-slider-item-wrapper glide__slide\" tabindex=\"0\"><figure><img class=\"wp-block-themeisle-blocks-slider-item\" src=\"https:\/\/cryobeauty.si\/wp-content\/uploads\/2021\/10\/243350764_277033394264776_8581402398382461493_n.jpg\" alt=\"\" title=\"\" data-id=\"256\"\/><\/figure><\/div><div class=\"wp-block-themeisle-blocks-slider-item-wrapper glide__slide\" tabindex=\"0\"><figure><img class=\"wp-block-themeisle-blocks-slider-item\" src=\"https:\/\/cryobeauty.si\/wp-content\/uploads\/2021\/10\/243450810_569511517585164_6143302087767757625_n.jpg\" alt=\"\" title=\"\" data-id=\"257\"\/><\/figure><\/div><div class=\"wp-block-themeisle-blocks-slider-item-wrapper glide__slide\" tabindex=\"0\"><figure><img class=\"wp-block-themeisle-blocks-slider-item\" src=\"https:\/\/cryobeauty.si\/wp-content\/uploads\/2021\/10\/243255625_167014028932654_5382817800707522775_n.jpg\" alt=\"\" title=\"\" data-id=\"259\"\/><\/figure><\/div><div class=\"wp-block-themeisle-blocks-slider-item-wrapper glide__slide\" tabindex=\"0\"><figure><img class=\"wp-block-themeisle-blocks-slider-item\" src=\"https:\/\/cryobeauty.si\/wp-content\/uploads\/2021\/10\/243303278_571476097503780_365572187628891662_n.jpg\" alt=\"\" title=\"\" data-id=\"258\"\/><\/figure><\/div><\/div><div class=\"glide__bullets\" data-glide-el=\"controls[nav]\"><button class=\"glide__bullet\" data-glide-dir=\"=0\"><\/button><button class=\"glide__bullet\" data-glide-dir=\"=1\"><\/button><button class=\"glide__bullet\" data-glide-dir=\"=2\"><\/button><button class=\"glide__bullet\" data-glide-dir=\"=3\"><\/button><\/div><\/div><\/div>\n\n\n\n<p><br>Pri vseh strankah so razvidni jasni in pozitivni rezultati, gledano tako subjektivno kot objektivno, s pomo\u010djo slik tretiranih obmo\u010dij ter posledi\u010dnih merjenj ko\u017ene gube. Rezultat je  vidno zmanj\u0161anje ma\u0161\u010dobnega tkiva z izbolj\u0161anjem ko\u017enega tkiva in odpravo lepotnih te\u017eav, ki so jih povzro\u010dale ma\u0161\u010dobne plasti in celulit, izbolj\u0161an tonus ko\u017ee na bokih, zadnjici in trebuhu. U\u010dinki so vidni \u017ee nekaj dni po tretmaju, \u0161e izbolj\u0161ajo pa so se po ciklusu 6 tretmajev.<br><strong>Kon\u010dni rezultat tretmajev se poka\u017ee v obdobju od 2-3 mesecev po terapijah!<\/strong><\/p>\n\n\n\n<div class=\"wp-block-buttons\">\n<div class=\"wp-block-button is-style-outline\"><a class=\"wp-block-button__link has-white-color has-accent-background-color has-text-color has-background\" href=\"https:\/\/cryobeauty.si\/index.php\/cryo21\/\" style=\"border-radius:5px\">Ve\u010d o napravi CRYO21<\/a><\/div>\n<\/div>\n<\/div>\n<\/div><\/div>\n\n\n\n<p><\/p>\n","protected":false},"excerpt":{"rendered":"","protected":false},"author":1,"featured_media":0,"parent":0,"menu_order":0,"comment_status":"closed","ping_status":"closed","template":"","meta":[],"yoast_head":"<!-- This site is optimized with the Yoast SEO plugin v15.0 - https:\/\/yoast.com\/wordpress\/plugins\/seo\/ -->\n<title>KRIOLIPOLIZA TELESA - Cryo Beauty<\/title>\n<meta name=\"robots\" content=\"index, follow, max-snippet:-1, max-image-preview:large, max-video-preview:-1\" \/>\n<link rel=\"canonical\" href=\"https:\/\/cryobeauty.si\/index.php\/kriolipoliza-telesa\/\" \/>\n<meta property=\"og:locale\" content=\"sl_SI\" \/>\n<meta property=\"og:type\" content=\"article\" \/>\n<meta property=\"og:title\" content=\"KRIOLIPOLIZA TELESA - Cryo Beauty\" \/>\n<meta property=\"og:url\" content=\"https:\/\/cryobeauty.si\/index.php\/kriolipoliza-telesa\/\" \/>\n<meta property=\"og:site_name\" content=\"Cryo Beauty\" \/>\n<meta property=\"article:publisher\" content=\"https:\/\/www.facebook.com\/studiocryobeauty\" \/>\n<meta property=\"article:modified_time\" content=\"2021-10-03T19:24:16+00:00\" \/>\n<meta property=\"og:image\" content=\"https:\/\/cryobeauty.si\/wp-content\/uploads\/2021\/10\/243350764_277033394264776_8581402398382461493_n.jpg\" \/>\n<meta name=\"twitter:card\" content=\"summary_large_image\" \/>\n<script type=\"application\/ld+json\" class=\"yoast-schema-graph\">{\"@context\":\"https:\/\/schema.org\",\"@graph\":[{\"@type\":\"Organization\",\"@id\":\"https:\/\/cryobeauty.si\/#organization\",\"name\":\"Studio Cryo Beauty\",\"url\":\"https:\/\/cryobeauty.si\/\",\"sameAs\":[\"https:\/\/www.facebook.com\/studiocryobeauty\",\"https:\/\/www.instagram.com\/studiocryobeauty\/\"],\"logo\":{\"@type\":\"ImageObject\",\"@id\":\"https:\/\/cryobeauty.si\/#logo\",\"inLanguage\":\"sl-SI\",\"url\":\"https:\/\/cryobeauty.si\/wp-content\/uploads\/2020\/09\/logo-transparent.png\",\"width\":3009,\"height\":1252,\"caption\":\"Studio Cryo Beauty\"},\"image\":{\"@id\":\"https:\/\/cryobeauty.si\/#logo\"}},{\"@type\":\"WebSite\",\"@id\":\"https:\/\/cryobeauty.si\/#website\",\"url\":\"https:\/\/cryobeauty.si\/\",\"name\":\"Cryo Beauty\",\"description\":\"Nad ma\\u0161\\u010dobo z mrazom\",\"publisher\":{\"@id\":\"https:\/\/cryobeauty.si\/#organization\"},\"potentialAction\":[{\"@type\":\"SearchAction\",\"target\":\"https:\/\/cryobeauty.si\/?s={search_term_string}\",\"query-input\":\"required name=search_term_string\"}],\"inLanguage\":\"sl-SI\"},{\"@type\":\"ImageObject\",\"@id\":\"https:\/\/cryobeauty.si\/index.php\/kriolipoliza-telesa\/#primaryimage\",\"inLanguage\":\"sl-SI\",\"url\":\"https:\/\/cryobeauty.si\/wp-content\/uploads\/2021\/10\/243350764_277033394264776_8581402398382461493_n.jpg\",\"width\":885,\"height\":764},{\"@type\":\"WebPage\",\"@id\":\"https:\/\/cryobeauty.si\/index.php\/kriolipoliza-telesa\/#webpage\",\"url\":\"https:\/\/cryobeauty.si\/index.php\/kriolipoliza-telesa\/\",\"name\":\"KRIOLIPOLIZA TELESA - Cryo Beauty\",\"isPartOf\":{\"@id\":\"https:\/\/cryobeauty.si\/#website\"},\"primaryImageOfPage\":{\"@id\":\"https:\/\/cryobeauty.si\/index.php\/kriolipoliza-telesa\/#primaryimage\"},\"datePublished\":\"2020-09-22T13:34:09+00:00\",\"dateModified\":\"2021-10-03T19:24:16+00:00\",\"inLanguage\":\"sl-SI\",\"potentialAction\":[{\"@type\":\"ReadAction\",\"target\":[\"https:\/\/cryobeauty.si\/index.php\/kriolipoliza-telesa\/\"]}]}]}<\/script>\n<!-- \/ Yoast SEO plugin. -->","_links":{"self":[{"href":"https:\/\/cryobeauty.si\/index.php\/wp-json\/wp\/v2\/pages\/156"}],"collection":[{"href":"https:\/\/cryobeauty.si\/index.php\/wp-json\/wp\/v2\/pages"}],"about":[{"href":"https:\/\/cryobeauty.si\/index.php\/wp-json\/wp\/v2\/types\/page"}],"author":[{"embeddable":true,"href":"https:\/\/cryobeauty.si\/index.php\/wp-json\/wp\/v2\/users\/1"}],"replies":[{"embeddable":true,"href":"https:\/\/cryobeauty.si\/index.php\/wp-json\/wp\/v2\/comments?post=156"}],"version-history":[{"count":22,"href":"https:\/\/cryobeauty.si\/index.php\/wp-json\/wp\/v2\/pages\/156\/revisions"}],"predecessor-version":[{"id":273,"href":"https:\/\/cryobeauty.si\/index.php\/wp-json\/wp\/v2\/pages\/156\/revisions\/273"}],"wp:attachment":[{"href":"https:\/\/cryobeauty.si\/index.php\/wp-json\/wp\/v2\/media?parent=156"}],"curies":[{"name":"wp","href":"https:\/\/api.w.org\/{rel}","templated":true}]}}