{"id":114,"date":"2020-09-19T09:36:16","date_gmt":"2020-09-19T07:36:16","guid":{"rendered":"https:\/\/cryobeauty.si\/?page_id=114"},"modified":"2021-10-03T20:24:10","modified_gmt":"2021-10-03T18:24:10","slug":"kriolipoliza-obraza","status":"publish","type":"page","link":"https:\/\/cryobeauty.si\/index.php\/kriolipoliza-obraza\/","title":{"rendered":"KRIOLIPOLIZA OBRAZA"},"content":{"rendered":"\n<p><strong>Kriolipoliza obraza<\/strong> (lifting &#8211; antiage) je tretma, kjer s pomo\u010djo mraza pri 2 stopinjah Celzija ustvarjamo lifting u\u010dinek. Gube se zgladijo, za\u010dne se tvoriti ko\u017ei lasten kolagen, elastin in hilaruonska kislina. Ko\u017ea postane napeta, mehka in voljna. <\/p>\n\n\n\n<p>Kriolipolizo uporabljamo tudi za problemati\u010dna stanja ko\u017ee kot so akne, kuperoza(popokane kapilare), zabuhli podo\u010dnjaki, itd. <br>S kriolipolizo zmanj\u0161amo tudi podbradek!<\/p>\n\n\n\n<figure class=\"wp-block-video aligncenter\"><video controls src=\"https:\/\/cryobeauty.si\/wp-content\/uploads\/2021\/10\/video-1632940386.mp4\"><\/video><\/figure>\n\n\n\n<div class=\"wp-block-group\"><div class=\"wp-block-group__inner-container\">\n<div class=\"wp-block-buttons\">\n<div class=\"wp-block-button is-style-outline\"><a class=\"wp-block-button__link has-white-color has-accent-background-color has-text-color has-background\" href=\"https:\/\/cryobeauty.si\/index.php\/cryo21\/\" style=\"border-radius:5px\">Ve\u010d o napravi CRYO21<\/a><\/div>\n<\/div>\n<\/div><\/div>\n\n\n\n<div style=\"height:50px\" aria-hidden=\"true\" class=\"wp-block-spacer\"><\/div>\n","protected":false},"excerpt":{"rendered":"<p>Kriolipoliza obraza (lifting &#8211; antiage) je tretma, kjer s pomo\u010djo mraza pri 2 stopinjah Celzija ustvarjamo lifting u\u010dinek. Gube se zgladijo, za\u010dne se tvoriti ko\u017ei lasten kolagen, elastin in hilaruonska kislina. Ko\u017ea postane napeta, mehka in voljna. Kriolipolizo uporabljamo tudi za problemati\u010dna stanja ko\u017ee kot so akne, kuperoza(popokane kapilare), zabuhli [&hellip;]<\/p>\n","protected":false},"author":1,"featured_media":0,"parent":0,"menu_order":0,"comment_status":"closed","ping_status":"closed","template":"","meta":[],"yoast_head":"<!-- This site is optimized with the Yoast SEO plugin v15.0 - https:\/\/yoast.com\/wordpress\/plugins\/seo\/ -->\n<title>KRIOLIPOLIZA OBRAZA - Cryo Beauty<\/title>\n<meta name=\"robots\" content=\"index, follow, max-snippet:-1, max-image-preview:large, max-video-preview:-1\" \/>\n<link rel=\"canonical\" href=\"https:\/\/cryobeauty.si\/index.php\/kriolipoliza-obraza\/\" \/>\n<meta property=\"og:locale\" content=\"sl_SI\" \/>\n<meta property=\"og:type\" content=\"article\" \/>\n<meta property=\"og:title\" content=\"KRIOLIPOLIZA OBRAZA - Cryo Beauty\" \/>\n<meta property=\"og:description\" content=\"Kriolipoliza obraza (lifting &#8211; antiage) je tretma, kjer s pomo\u010djo mraza pri 2 stopinjah Celzija ustvarjamo lifting u\u010dinek. Gube se zgladijo, za\u010dne se tvoriti ko\u017ei lasten kolagen, elastin in hilaruonska kislina. Ko\u017ea postane napeta, mehka in voljna. Kriolipolizo uporabljamo tudi za problemati\u010dna stanja ko\u017ee kot so akne, kuperoza(popokane kapilare), zabuhli [&hellip;]\" \/>\n<meta property=\"og:url\" content=\"https:\/\/cryobeauty.si\/index.php\/kriolipoliza-obraza\/\" \/>\n<meta property=\"og:site_name\" content=\"Cryo Beauty\" \/>\n<meta property=\"article:publisher\" content=\"https:\/\/www.facebook.com\/studiocryobeauty\" \/>\n<meta property=\"article:modified_time\" content=\"2021-10-03T18:24:10+00:00\" \/>\n<meta name=\"twitter:card\" content=\"summary_large_image\" \/>\n<script type=\"application\/ld+json\" class=\"yoast-schema-graph\">{\"@context\":\"https:\/\/schema.org\",\"@graph\":[{\"@type\":\"Organization\",\"@id\":\"https:\/\/cryobeauty.si\/#organization\",\"name\":\"Studio Cryo Beauty\",\"url\":\"https:\/\/cryobeauty.si\/\",\"sameAs\":[\"https:\/\/www.facebook.com\/studiocryobeauty\",\"https:\/\/www.instagram.com\/studiocryobeauty\/\"],\"logo\":{\"@type\":\"ImageObject\",\"@id\":\"https:\/\/cryobeauty.si\/#logo\",\"inLanguage\":\"sl-SI\",\"url\":\"https:\/\/cryobeauty.si\/wp-content\/uploads\/2020\/09\/logo-transparent.png\",\"width\":3009,\"height\":1252,\"caption\":\"Studio Cryo Beauty\"},\"image\":{\"@id\":\"https:\/\/cryobeauty.si\/#logo\"}},{\"@type\":\"WebSite\",\"@id\":\"https:\/\/cryobeauty.si\/#website\",\"url\":\"https:\/\/cryobeauty.si\/\",\"name\":\"Cryo Beauty\",\"description\":\"Nad ma\\u0161\\u010dobo z mrazom\",\"publisher\":{\"@id\":\"https:\/\/cryobeauty.si\/#organization\"},\"potentialAction\":[{\"@type\":\"SearchAction\",\"target\":\"https:\/\/cryobeauty.si\/?s={search_term_string}\",\"query-input\":\"required name=search_term_string\"}],\"inLanguage\":\"sl-SI\"},{\"@type\":\"WebPage\",\"@id\":\"https:\/\/cryobeauty.si\/index.php\/kriolipoliza-obraza\/#webpage\",\"url\":\"https:\/\/cryobeauty.si\/index.php\/kriolipoliza-obraza\/\",\"name\":\"KRIOLIPOLIZA OBRAZA - Cryo Beauty\",\"isPartOf\":{\"@id\":\"https:\/\/cryobeauty.si\/#website\"},\"datePublished\":\"2020-09-19T07:36:16+00:00\",\"dateModified\":\"2021-10-03T18:24:10+00:00\",\"inLanguage\":\"sl-SI\",\"potentialAction\":[{\"@type\":\"ReadAction\",\"target\":[\"https:\/\/cryobeauty.si\/index.php\/kriolipoliza-obraza\/\"]}]}]}<\/script>\n<!-- \/ Yoast SEO plugin. -->","_links":{"self":[{"href":"https:\/\/cryobeauty.si\/index.php\/wp-json\/wp\/v2\/pages\/114"}],"collection":[{"href":"https:\/\/cryobeauty.si\/index.php\/wp-json\/wp\/v2\/pages"}],"about":[{"href":"https:\/\/cryobeauty.si\/index.php\/wp-json\/wp\/v2\/types\/page"}],"author":[{"embeddable":true,"href":"https:\/\/cryobeauty.si\/index.php\/wp-json\/wp\/v2\/users\/1"}],"replies":[{"embeddable":true,"href":"https:\/\/cryobeauty.si\/index.php\/wp-json\/wp\/v2\/comments?post=114"}],"version-history":[{"count":22,"href":"https:\/\/cryobeauty.si\/index.php\/wp-json\/wp\/v2\/pages\/114\/revisions"}],"predecessor-version":[{"id":263,"href":"https:\/\/cryobeauty.si\/index.php\/wp-json\/wp\/v2\/pages\/114\/revisions\/263"}],"wp:attachment":[{"href":"https:\/\/cryobeauty.si\/index.php\/wp-json\/wp\/v2\/media?parent=114"}],"curies":[{"name":"wp","href":"https:\/\/api.w.org\/{rel}","templated":true}]}}